{"id":2435,"date":"2024-04-27T17:37:34","date_gmt":"2024-04-27T20:37:34","guid":{"rendered":"https:\/\/lovemarket.com.ar\/?page_id=2435"},"modified":"2024-04-28T12:11:04","modified_gmt":"2024-04-28T15:11:04","slug":"ofertas-y-beneficios","status":"publish","type":"page","link":"https:\/\/lovemarket.com.ar\/index.php\/ofertas-y-beneficios\/","title":{"rendered":"Ofertas y Beneficios"},"content":{"rendered":"\t\t<div data-elementor-type=\"wp-page\" data-elementor-id=\"2435\" class=\"elementor elementor-2435\" data-elementor-post-type=\"page\">\n\t\t\t\t\t\t<section class=\"elementor-section elementor-top-section elementor-element elementor-element-248efe16 elementor-section-height-min-height elementor-section-full_width elementor-section-content-middle elementor-section-height-default elementor-section-items-middle\" data-id=\"248efe16\" data-element_type=\"section\" id=\"first-section\" data-settings=\"{&quot;background_background&quot;:&quot;gradient&quot;}\">\n\t\t\t\t\t\t<div class=\"elementor-container elementor-column-gap-default\">\n\t\t\t\t\t<div class=\"elementor-column elementor-col-50 elementor-top-column elementor-element elementor-element-10ad67ac\" data-id=\"10ad67ac\" data-element_type=\"column\">\n\t\t\t<div class=\"elementor-widget-wrap elementor-element-populated\">\n\t\t\t\t\t\t<div class=\"elementor-element elementor-element-712f006d elementor-widget elementor-widget-heading\" data-id=\"712f006d\" data-element_type=\"widget\" data-widget_type=\"heading.default\">\n\t\t\t\t<div class=\"elementor-widget-container\">\n\t\t\t\t\t<h1 class=\"elementor-heading-title elementor-size-default\">5%<br>off<br>domingos\n<\/h1>\t\t\t\t<\/div>\n\t\t\t\t<\/div>\n\t\t\t\t<div class=\"elementor-element elementor-element-963ec1a elementor-widget-divider--view-line elementor-widget elementor-widget-divider\" data-id=\"963ec1a\" data-element_type=\"widget\" data-widget_type=\"divider.default\">\n\t\t\t\t<div class=\"elementor-widget-container\">\n\t\t\t\t\t\t\t<div class=\"elementor-divider\">\n\t\t\t<span class=\"elementor-divider-separator\">\n\t\t\t\t\t\t<\/span>\n\t\t<\/div>\n\t\t\t\t\t\t<\/div>\n\t\t\t\t<\/div>\n\t\t\t\t<div class=\"elementor-element elementor-element-302d6c9d elementor-widget elementor-widget-text-editor\" data-id=\"302d6c9d\" data-element_type=\"widget\" data-widget_type=\"text-editor.default\">\n\t\t\t\t<div class=\"elementor-widget-container\">\n\t\t\t\t\t\t\t\t\t<p>3 y 6 cuotas fijas todas las tarjetas, compra online<\/p>\t\t\t\t\t\t\t\t<\/div>\n\t\t\t\t<\/div>\n\t\t\t\t<div class=\"elementor-element elementor-element-d60489f elementor-mobile-align-center elementor-widget elementor-widget-button\" data-id=\"d60489f\" data-element_type=\"widget\" data-widget_type=\"button.default\">\n\t\t\t\t<div class=\"elementor-widget-container\">\n\t\t\t\t\t\t\t\t\t<div class=\"elementor-button-wrapper\">\n\t\t\t\t\t<a class=\"elementor-button elementor-button-link elementor-size-sm\" href=\"https:\/\/lovemarket.com.ar\/index.php\/tienda\/\">\n\t\t\t\t\t\t<span class=\"elementor-button-content-wrapper\">\n\t\t\t\t\t\t\t\t\t<span class=\"elementor-button-text\">VER COLECCI\u00d6N<\/span>\n\t\t\t\t\t<\/span>\n\t\t\t\t\t<\/a>\n\t\t\t\t<\/div>\n\t\t\t\t\t\t\t\t<\/div>\n\t\t\t\t<\/div>\n\t\t\t\t\t<\/div>\n\t\t<\/div>\n\t\t\t\t<div class=\"elementor-column elementor-col-50 elementor-top-column elementor-element elementor-element-7e4aa7c6\" data-id=\"7e4aa7c6\" data-element_type=\"column\">\n\t\t\t<div class=\"elementor-widget-wrap elementor-element-populated\">\n\t\t\t\t\t\t<div class=\"elementor-element elementor-element-4794e323 elementor-widget elementor-widget-spacer\" data-id=\"4794e323\" data-element_type=\"widget\" data-widget_type=\"spacer.default\">\n\t\t\t\t<div class=\"elementor-widget-container\">\n\t\t\t\t\t\t\t<div class=\"elementor-spacer\">\n\t\t\t<div class=\"elementor-spacer-inner\"><\/div>\n\t\t<\/div>\n\t\t\t\t\t\t<\/div>\n\t\t\t\t<\/div>\n\t\t\t\t<div class=\"elementor-element elementor-element-2efd5e5c elementor-widget elementor-widget-image-carousel\" data-id=\"2efd5e5c\" data-element_type=\"widget\" data-settings=\"{&quot;slides_to_show&quot;:&quot;2&quot;,&quot;slides_to_scroll&quot;:&quot;1&quot;,&quot;navigation&quot;:&quot;none&quot;,&quot;image_spacing_custom&quot;:{&quot;unit&quot;:&quot;px&quot;,&quot;size&quot;:0,&quot;sizes&quot;:[]},&quot;slides_to_show_tablet&quot;:&quot;1&quot;,&quot;autoplay&quot;:&quot;yes&quot;,&quot;pause_on_hover&quot;:&quot;yes&quot;,&quot;pause_on_interaction&quot;:&quot;yes&quot;,&quot;autoplay_speed&quot;:5000,&quot;infinite&quot;:&quot;yes&quot;,&quot;speed&quot;:500}\" data-widget_type=\"image-carousel.default\">\n\t\t\t\t<div class=\"elementor-widget-container\">\n\t\t\t\t\t\t\t<div class=\"elementor-image-carousel-wrapper swiper\" role=\"region\" aria-roledescription=\"carousel\" aria-label=\"Carrusel de im\u00e1genes\" dir=\"rtl\">\n\t\t\t<div class=\"elementor-image-carousel swiper-wrapper\" aria-live=\"off\">\n\t\t\t\t\t\t\t\t<div class=\"swiper-slide\" role=\"group\" aria-roledescription=\"slide\" aria-label=\"1 de 4\"><figure class=\"swiper-slide-inner\"><img decoding=\"async\" class=\"swiper-slide-image\" src=\"https:\/\/lovemarket.com.ar\/wp-content\/uploads\/2016\/08\/Screenshot_20240315-2253102.png\" alt=\"Screenshot_20240315-225310~2\" \/><\/figure><\/div><div class=\"swiper-slide\" role=\"group\" aria-roledescription=\"slide\" aria-label=\"2 de 4\"><figure class=\"swiper-slide-inner\"><img decoding=\"async\" class=\"swiper-slide-image\" src=\"https:\/\/lovemarket.com.ar\/wp-content\/uploads\/2024\/04\/Screenshot_20240215-2232542.png\" alt=\"Screenshot_20240215-223254~2\" \/><\/figure><\/div><div class=\"swiper-slide\" role=\"group\" aria-roledescription=\"slide\" aria-label=\"3 de 4\"><figure class=\"swiper-slide-inner\"><img decoding=\"async\" class=\"swiper-slide-image\" src=\"https:\/\/lovemarket.com.ar\/wp-content\/uploads\/2024\/04\/IMG-20240403-WA0021-e1712492564618.jpg\" alt=\"IMG-20240403-WA0021\" \/><\/figure><\/div><div class=\"swiper-slide\" role=\"group\" aria-roledescription=\"slide\" aria-label=\"4 de 4\"><figure class=\"swiper-slide-inner\"><img decoding=\"async\" class=\"swiper-slide-image\" src=\"https:\/\/lovemarket.com.ar\/wp-content\/uploads\/2016\/08\/Ins3463925123_bdd92da0ee824beca92dd0494e35eb0d.jpg\" alt=\"Ins3463925123_bdd92da0ee824beca92dd0494e35eb0d\" \/><\/figure><\/div>\t\t\t<\/div>\n\t\t\t\t\t\t\t\n\t\t\t\t\t\t\t\t\t<\/div>\n\t\t\t\t\t\t<\/div>\n\t\t\t\t<\/div>\n\t\t\t\t<div class=\"elementor-element elementor-element-27c964c3 elementor-widget elementor-widget-spacer\" data-id=\"27c964c3\" data-element_type=\"widget\" data-widget_type=\"spacer.default\">\n\t\t\t\t<div class=\"elementor-widget-container\">\n\t\t\t\t\t\t\t<div class=\"elementor-spacer\">\n\t\t\t<div class=\"elementor-spacer-inner\"><\/div>\n\t\t<\/div>\n\t\t\t\t\t\t<\/div>\n\t\t\t\t<\/div>\n\t\t\t\t\t<\/div>\n\t\t<\/div>\n\t\t\t\t\t<\/div>\n\t\t<\/section>\n\t\t<div class=\"elementor-element elementor-element-74c5f83 e-flex e-con-boxed e-con e-parent\" data-id=\"74c5f83\" data-element_type=\"container\" data-settings=\"{&quot;background_background&quot;:&quot;classic&quot;}\">\n\t\t\t\t\t<div class=\"e-con-inner\">\n\t\t<div class=\"elementor-element elementor-element-6113016 e-flex e-con-boxed e-con e-child\" data-id=\"6113016\" data-element_type=\"container\">\n\t\t\t\t\t<div class=\"e-con-inner\">\n\t\t\t\t<div class=\"elementor-element elementor-element-7a45a0d elementor-widget elementor-widget-heading\" data-id=\"7a45a0d\" data-element_type=\"widget\" data-widget_type=\"heading.default\">\n\t\t\t\t<div class=\"elementor-widget-container\">\n\t\t\t\t\t<h5 class=\"elementor-heading-title elementor-size-default\">Aprovecha nuestras Promociones Bancarias<\/h5>\t\t\t\t<\/div>\n\t\t\t\t<\/div>\n\t\t\t\t<div class=\"elementor-element elementor-element-7a67b2c elementor-widget elementor-widget-heading\" data-id=\"7a67b2c\" data-element_type=\"widget\" data-widget_type=\"heading.default\">\n\t\t\t\t<div class=\"elementor-widget-container\">\n\t\t\t\t\t<h2 class=\"elementor-heading-title elementor-size-default\">Beneficios<\/h2>\t\t\t\t<\/div>\n\t\t\t\t<\/div>\n\t\t\t\t<div class=\"elementor-element elementor-element-a774ed4 elementor-widget__width-auto elementor-widget elementor-widget-button\" data-id=\"a774ed4\" data-element_type=\"widget\" data-widget_type=\"button.default\">\n\t\t\t\t<div class=\"elementor-widget-container\">\n\t\t\t\t\t\t\t\t\t<div class=\"elementor-button-wrapper\">\n\t\t\t\t\t<a class=\"elementor-button elementor-button-link elementor-size-sm\" href=\"#\">\n\t\t\t\t\t\t<span class=\"elementor-button-content-wrapper\">\n\t\t\t\t\t\t\t\t\t<span class=\"elementor-button-text\">Saber m\u00e1s<\/span>\n\t\t\t\t\t<\/span>\n\t\t\t\t\t<\/a>\n\t\t\t\t<\/div>\n\t\t\t\t\t\t\t\t<\/div>\n\t\t\t\t<\/div>\n\t\t\t\t\t<\/div>\n\t\t\t\t<\/div>\n\t\t<div class=\"elementor-element elementor-element-c0bc463 e-flex e-con-boxed e-con e-child\" data-id=\"c0bc463\" data-element_type=\"container\">\n\t\t\t\t\t<div class=\"e-con-inner\">\n\t\t\t\t<div class=\"elementor-element elementor-element-4369f04 elementor-widget-tablet__width-initial elementor-widget-mobile__width-inherit elementor-widget__width-initial elementor-view-default elementor-position-top elementor-mobile-position-top elementor-invisible elementor-widget elementor-widget-icon-box\" data-id=\"4369f04\" data-element_type=\"widget\" data-settings=\"{&quot;_animation&quot;:&quot;fadeInUp&quot;,&quot;_animation_delay&quot;:&quot;100&quot;}\" data-widget_type=\"icon-box.default\">\n\t\t\t\t<div class=\"elementor-widget-container\">\n\t\t\t\t\t\t\t<div class=\"elementor-icon-box-wrapper\">\n\n\t\t\t\t\t\t<div class=\"elementor-icon-box-icon\">\n\t\t\t\t<span  class=\"elementor-icon\">\n\t\t\t\t<svg aria-hidden=\"true\" class=\"e-font-icon-svg e-fas-star\" viewBox=\"0 0 576 512\" xmlns=\"http:\/\/www.w3.org\/2000\/svg\"><path d=\"M259.3 17.8L194 150.2 47.9 171.5c-26.2 3.8-36.7 36.1-17.7 54.6l105.7 103-25 145.5c-4.5 26.3 23.2 46 46.4 33.7L288 439.6l130.7 68.7c23.2 12.2 50.9-7.4 46.4-33.7l-25-145.5 105.7-103c19-18.5 8.5-50.8-17.7-54.6L382 150.2 316.7 17.8c-11.7-23.6-45.6-23.9-57.4 0z\"><\/path><\/svg>\t\t\t\t<\/span>\n\t\t\t<\/div>\n\t\t\t\n\t\t\t\t\t\t<div class=\"elementor-icon-box-content\">\n\n\t\t\t\t\t\t\t\t\t<h3 class=\"elementor-icon-box-title\">\n\t\t\t\t\t\t<span  >\n\t\t\t\t\t\t\tAHORA 6\t\t\t\t\t\t<\/span>\n\t\t\t\t\t<\/h3>\n\t\t\t\t\n\t\t\t\t\t\t\t\t\t<p class=\"elementor-icon-box-description\">\n\t\t\t\t\t\t6 cuotas fijas todos los d\u00edas\t\t\t\t\t<\/p>\n\t\t\t\t\n\t\t\t<\/div>\n\t\t\t\n\t\t<\/div>\n\t\t\t\t\t\t<\/div>\n\t\t\t\t<\/div>\n\t\t\t\t<div class=\"elementor-element elementor-element-bb6cf47 elementor-widget-tablet__width-initial elementor-widget-mobile__width-inherit elementor-widget__width-initial elementor-view-default elementor-position-top elementor-mobile-position-top elementor-invisible elementor-widget elementor-widget-icon-box\" data-id=\"bb6cf47\" data-element_type=\"widget\" data-settings=\"{&quot;_animation&quot;:&quot;fadeInUp&quot;,&quot;_animation_delay&quot;:&quot;100&quot;}\" data-widget_type=\"icon-box.default\">\n\t\t\t\t<div class=\"elementor-widget-container\">\n\t\t\t\t\t\t\t<div class=\"elementor-icon-box-wrapper\">\n\n\t\t\t\t\t\t<div class=\"elementor-icon-box-icon\">\n\t\t\t\t<span  class=\"elementor-icon\">\n\t\t\t\t<svg aria-hidden=\"true\" class=\"e-font-icon-svg e-fas-star\" viewBox=\"0 0 576 512\" xmlns=\"http:\/\/www.w3.org\/2000\/svg\"><path d=\"M259.3 17.8L194 150.2 47.9 171.5c-26.2 3.8-36.7 36.1-17.7 54.6l105.7 103-25 145.5c-4.5 26.3 23.2 46 46.4 33.7L288 439.6l130.7 68.7c23.2 12.2 50.9-7.4 46.4-33.7l-25-145.5 105.7-103c19-18.5 8.5-50.8-17.7-54.6L382 150.2 316.7 17.8c-11.7-23.6-45.6-23.9-57.4 0z\"><\/path><\/svg>\t\t\t\t<\/span>\n\t\t\t<\/div>\n\t\t\t\n\t\t\t\t\t\t<div class=\"elementor-icon-box-content\">\n\n\t\t\t\t\t\t\t\t\t<h3 class=\"elementor-icon-box-title\">\n\t\t\t\t\t\t<span  >\n\t\t\t\t\t\t\tAHORA 3\t\t\t\t\t\t<\/span>\n\t\t\t\t\t<\/h3>\n\t\t\t\t\n\t\t\t\t\t\t\t\t\t<p class=\"elementor-icon-box-description\">\n\t\t\t\t\t\t6 cuotas fijas todos los d\u00edas\t\t\t\t\t<\/p>\n\t\t\t\t\n\t\t\t<\/div>\n\t\t\t\n\t\t<\/div>\n\t\t\t\t\t\t<\/div>\n\t\t\t\t<\/div>\n\t\t\t\t<div class=\"elementor-element elementor-element-b70b089 elementor-widget-tablet__width-initial elementor-widget-mobile__width-inherit elementor-widget__width-initial elementor-view-default elementor-position-top elementor-mobile-position-top elementor-invisible elementor-widget elementor-widget-icon-box\" data-id=\"b70b089\" data-element_type=\"widget\" data-settings=\"{&quot;_animation&quot;:&quot;fadeInUp&quot;,&quot;_animation_delay&quot;:&quot;100&quot;}\" data-widget_type=\"icon-box.default\">\n\t\t\t\t<div class=\"elementor-widget-container\">\n\t\t\t\t\t\t\t<div class=\"elementor-icon-box-wrapper\">\n\n\t\t\t\t\t\t<div class=\"elementor-icon-box-icon\">\n\t\t\t\t<span  class=\"elementor-icon\">\n\t\t\t\t<svg aria-hidden=\"true\" class=\"e-font-icon-svg e-fas-star\" viewBox=\"0 0 576 512\" xmlns=\"http:\/\/www.w3.org\/2000\/svg\"><path d=\"M259.3 17.8L194 150.2 47.9 171.5c-26.2 3.8-36.7 36.1-17.7 54.6l105.7 103-25 145.5c-4.5 26.3 23.2 46 46.4 33.7L288 439.6l130.7 68.7c23.2 12.2 50.9-7.4 46.4-33.7l-25-145.5 105.7-103c19-18.5 8.5-50.8-17.7-54.6L382 150.2 316.7 17.8c-11.7-23.6-45.6-23.9-57.4 0z\"><\/path><\/svg>\t\t\t\t<\/span>\n\t\t\t<\/div>\n\t\t\t\n\t\t\t\t\t\t<div class=\"elementor-icon-box-content\">\n\n\t\t\t\t\t\t\t\t\t<h3 class=\"elementor-icon-box-title\">\n\t\t\t\t\t\t<span  >\n\t\t\t\t\t\t\t5 y PLAN Z\t\t\t\t\t\t<\/span>\n\t\t\t\t\t<\/h3>\n\t\t\t\t\n\t\t\t\t\t\t\t\t\t<p class=\"elementor-icon-box-description\">\n\t\t\t\t\t\tTodos los dias 5 cuotas sin interes\t\t\t\t\t<\/p>\n\t\t\t\t\n\t\t\t<\/div>\n\t\t\t\n\t\t<\/div>\n\t\t\t\t\t\t<\/div>\n\t\t\t\t<\/div>\n\t\t\t\t\t<\/div>\n\t\t\t\t<\/div>\n\t\t\t\t\t<\/div>\n\t\t\t\t<\/div>\n\t\t\t\t<\/div>\n\t\t","protected":false},"excerpt":{"rendered":"<p>5%offdomingos 3 y 6 cuotas fijas todas las tarjetas, compra online VER COLECCI\u00d6N Aprovecha nuestras Promociones Bancarias Beneficios Saber m\u00e1s AHORA 6 6 cuotas fijas todos los d\u00edas AHORA 3 6 cuotas fijas todos los d\u00edas 5 y PLAN Z Todos los dias 5 cuotas sin interes<\/p>\n","protected":false},"author":1,"featured_media":0,"parent":0,"menu_order":0,"comment_status":"closed","ping_status":"closed","template":"","meta":{"ocean_post_layout":"","ocean_both_sidebars_style":"","ocean_both_sidebars_content_width":0,"ocean_both_sidebars_sidebars_width":0,"ocean_sidebar":"","ocean_second_sidebar":"","ocean_disable_margins":"enable","ocean_add_body_class":"","ocean_shortcode_before_top_bar":"","ocean_shortcode_after_top_bar":"","ocean_shortcode_before_header":"","ocean_shortcode_after_header":"","ocean_has_shortcode":"","ocean_shortcode_after_title":"","ocean_shortcode_before_footer_widgets":"","ocean_shortcode_after_footer_widgets":"","ocean_shortcode_before_footer_bottom":"","ocean_shortcode_after_footer_bottom":"","ocean_display_top_bar":"default","ocean_display_header":"default","ocean_header_style":"","ocean_center_header_left_menu":"","ocean_custom_header_template":"","ocean_custom_logo":0,"ocean_custom_retina_logo":0,"ocean_custom_logo_max_width":0,"ocean_custom_logo_tablet_max_width":0,"ocean_custom_logo_mobile_max_width":0,"ocean_custom_logo_max_height":0,"ocean_custom_logo_tablet_max_height":0,"ocean_custom_logo_mobile_max_height":0,"ocean_header_custom_menu":"","ocean_menu_typo_font_family":"","ocean_menu_typo_font_subset":"","ocean_menu_typo_font_size":0,"ocean_menu_typo_font_size_tablet":0,"ocean_menu_typo_font_size_mobile":0,"ocean_menu_typo_font_size_unit":"px","ocean_menu_typo_font_weight":"","ocean_menu_typo_font_weight_tablet":"","ocean_menu_typo_font_weight_mobile":"","ocean_menu_typo_transform":"","ocean_menu_typo_transform_tablet":"","ocean_menu_typo_transform_mobile":"","ocean_menu_typo_line_height":0,"ocean_menu_typo_line_height_tablet":0,"ocean_menu_typo_line_height_mobile":0,"ocean_menu_typo_line_height_unit":"","ocean_menu_typo_spacing":0,"ocean_menu_typo_spacing_tablet":0,"ocean_menu_typo_spacing_mobile":0,"ocean_menu_typo_spacing_unit":"","ocean_menu_link_color":"","ocean_menu_link_color_hover":"","ocean_menu_link_color_active":"","ocean_menu_link_background":"","ocean_menu_link_hover_background":"","ocean_menu_link_active_background":"","ocean_menu_social_links_bg":"","ocean_menu_social_hover_links_bg":"","ocean_menu_social_links_color":"","ocean_menu_social_hover_links_color":"","ocean_disable_title":"default","ocean_disable_heading":"default","ocean_post_title":"","ocean_post_subheading":"","ocean_post_title_style":"","ocean_post_title_background_color":"","ocean_post_title_background":0,"ocean_post_title_bg_image_position":"","ocean_post_title_bg_image_attachment":"","ocean_post_title_bg_image_repeat":"","ocean_post_title_bg_image_size":"","ocean_post_title_height":0,"ocean_post_title_bg_overlay":0.5,"ocean_post_title_bg_overlay_color":"","ocean_disable_breadcrumbs":"default","ocean_breadcrumbs_color":"","ocean_breadcrumbs_separator_color":"","ocean_breadcrumbs_links_color":"","ocean_breadcrumbs_links_hover_color":"","ocean_display_footer_widgets":"default","ocean_display_footer_bottom":"default","ocean_custom_footer_template":"","footnotes":""},"class_list":["post-2435","page","type-page","status-publish","hentry","entry","owp-thumbs-layout-horizontal","owp-btn-normal","owp-tabs-layout-horizontal","has-no-thumbnails","has-product-nav"],"yoast_head":"<!-- This site is optimized with the Yoast SEO plugin v25.7 - https:\/\/yoast.com\/wordpress\/plugins\/seo\/ -->\n<title>Ofertas y Beneficios - Love Market<\/title>\n<meta name=\"robots\" content=\"index, follow, max-snippet:-1, max-image-preview:large, max-video-preview:-1\" \/>\n<link rel=\"canonical\" href=\"https:\/\/lovemarket.com.ar\/index.php\/ofertas-y-beneficios\/\" \/>\n<meta property=\"og:locale\" content=\"es_ES\" \/>\n<meta property=\"og:type\" content=\"article\" \/>\n<meta property=\"og:title\" content=\"Ofertas y Beneficios - Love Market\" \/>\n<meta property=\"og:description\" content=\"5%offdomingos 3 y 6 cuotas fijas todas las tarjetas, compra online VER COLECCI\u00d6N Aprovecha nuestras Promociones Bancarias Beneficios Saber m\u00e1s AHORA 6 6 cuotas fijas todos los d\u00edas AHORA 3 6 cuotas fijas todos los d\u00edas 5 y PLAN Z Todos los dias 5 cuotas sin interes\" \/>\n<meta property=\"og:url\" content=\"https:\/\/lovemarket.com.ar\/index.php\/ofertas-y-beneficios\/\" \/>\n<meta property=\"og:site_name\" content=\"Love Market\" \/>\n<meta property=\"article:modified_time\" content=\"2024-04-28T15:11:04+00:00\" \/>\n<meta property=\"og:image\" content=\"https:\/\/lovemarket.com.ar\/wp-content\/uploads\/2016\/08\/Screenshot_20240315-2253102.png\" \/>\n<meta name=\"twitter:card\" content=\"summary_large_image\" \/>\n<script type=\"application\/ld+json\" class=\"yoast-schema-graph\">{\"@context\":\"https:\/\/schema.org\",\"@graph\":[{\"@type\":\"WebPage\",\"@id\":\"https:\/\/lovemarket.com.ar\/index.php\/ofertas-y-beneficios\/\",\"url\":\"https:\/\/lovemarket.com.ar\/index.php\/ofertas-y-beneficios\/\",\"name\":\"Ofertas y Beneficios - Love Market\",\"isPartOf\":{\"@id\":\"https:\/\/lovemarket.com.ar\/#website\"},\"primaryImageOfPage\":{\"@id\":\"https:\/\/lovemarket.com.ar\/index.php\/ofertas-y-beneficios\/#primaryimage\"},\"image\":{\"@id\":\"https:\/\/lovemarket.com.ar\/index.php\/ofertas-y-beneficios\/#primaryimage\"},\"thumbnailUrl\":\"https:\/\/lovemarket.com.ar\/wp-content\/uploads\/2016\/08\/Screenshot_20240315-2253102.png\",\"datePublished\":\"2024-04-27T20:37:34+00:00\",\"dateModified\":\"2024-04-28T15:11:04+00:00\",\"breadcrumb\":{\"@id\":\"https:\/\/lovemarket.com.ar\/index.php\/ofertas-y-beneficios\/#breadcrumb\"},\"inLanguage\":\"es\",\"potentialAction\":[{\"@type\":\"ReadAction\",\"target\":[\"https:\/\/lovemarket.com.ar\/index.php\/ofertas-y-beneficios\/\"]}]},{\"@type\":\"ImageObject\",\"inLanguage\":\"es\",\"@id\":\"https:\/\/lovemarket.com.ar\/index.php\/ofertas-y-beneficios\/#primaryimage\",\"url\":\"https:\/\/lovemarket.com.ar\/wp-content\/uploads\/2016\/08\/Screenshot_20240315-2253102.png\",\"contentUrl\":\"https:\/\/lovemarket.com.ar\/wp-content\/uploads\/2016\/08\/Screenshot_20240315-2253102.png\",\"width\":720,\"height\":1075},{\"@type\":\"BreadcrumbList\",\"@id\":\"https:\/\/lovemarket.com.ar\/index.php\/ofertas-y-beneficios\/#breadcrumb\",\"itemListElement\":[{\"@type\":\"ListItem\",\"position\":1,\"name\":\"Portada\",\"item\":\"https:\/\/lovemarket.com.ar\/\"},{\"@type\":\"ListItem\",\"position\":2,\"name\":\"Ofertas y Beneficios\"}]},{\"@type\":\"WebSite\",\"@id\":\"https:\/\/lovemarket.com.ar\/#website\",\"url\":\"https:\/\/lovemarket.com.ar\/\",\"name\":\"Love Market\",\"description\":\"\",\"publisher\":{\"@id\":\"https:\/\/lovemarket.com.ar\/#organization\"},\"potentialAction\":[{\"@type\":\"SearchAction\",\"target\":{\"@type\":\"EntryPoint\",\"urlTemplate\":\"https:\/\/lovemarket.com.ar\/?s={search_term_string}\"},\"query-input\":{\"@type\":\"PropertyValueSpecification\",\"valueRequired\":true,\"valueName\":\"search_term_string\"}}],\"inLanguage\":\"es\"},{\"@type\":\"Organization\",\"@id\":\"https:\/\/lovemarket.com.ar\/#organization\",\"name\":\"Love Market\",\"url\":\"https:\/\/lovemarket.com.ar\/\",\"logo\":{\"@type\":\"ImageObject\",\"inLanguage\":\"es\",\"@id\":\"https:\/\/lovemarket.com.ar\/#\/schema\/logo\/image\/\",\"url\":\"https:\/\/lovemarket.com.ar\/wp-content\/uploads\/2024\/04\/cropped-Love-Market-Logo-3-1.png\",\"contentUrl\":\"https:\/\/lovemarket.com.ar\/wp-content\/uploads\/2024\/04\/cropped-Love-Market-Logo-3-1.png\",\"width\":392,\"height\":263,\"caption\":\"Love Market\"},\"image\":{\"@id\":\"https:\/\/lovemarket.com.ar\/#\/schema\/logo\/image\/\"}}]}<\/script>\n<!-- \/ Yoast SEO plugin. -->","yoast_head_json":{"title":"Ofertas y Beneficios - Love Market","robots":{"index":"index","follow":"follow","max-snippet":"max-snippet:-1","max-image-preview":"max-image-preview:large","max-video-preview":"max-video-preview:-1"},"canonical":"https:\/\/lovemarket.com.ar\/index.php\/ofertas-y-beneficios\/","og_locale":"es_ES","og_type":"article","og_title":"Ofertas y Beneficios - Love Market","og_description":"5%offdomingos 3 y 6 cuotas fijas todas las tarjetas, compra online VER COLECCI\u00d6N Aprovecha nuestras Promociones Bancarias Beneficios Saber m\u00e1s AHORA 6 6 cuotas fijas todos los d\u00edas AHORA 3 6 cuotas fijas todos los d\u00edas 5 y PLAN Z Todos los dias 5 cuotas sin interes","og_url":"https:\/\/lovemarket.com.ar\/index.php\/ofertas-y-beneficios\/","og_site_name":"Love Market","article_modified_time":"2024-04-28T15:11:04+00:00","og_image":[{"url":"https:\/\/lovemarket.com.ar\/wp-content\/uploads\/2016\/08\/Screenshot_20240315-2253102.png","type":"","width":"","height":""}],"twitter_card":"summary_large_image","schema":{"@context":"https:\/\/schema.org","@graph":[{"@type":"WebPage","@id":"https:\/\/lovemarket.com.ar\/index.php\/ofertas-y-beneficios\/","url":"https:\/\/lovemarket.com.ar\/index.php\/ofertas-y-beneficios\/","name":"Ofertas y Beneficios - Love Market","isPartOf":{"@id":"https:\/\/lovemarket.com.ar\/#website"},"primaryImageOfPage":{"@id":"https:\/\/lovemarket.com.ar\/index.php\/ofertas-y-beneficios\/#primaryimage"},"image":{"@id":"https:\/\/lovemarket.com.ar\/index.php\/ofertas-y-beneficios\/#primaryimage"},"thumbnailUrl":"https:\/\/lovemarket.com.ar\/wp-content\/uploads\/2016\/08\/Screenshot_20240315-2253102.png","datePublished":"2024-04-27T20:37:34+00:00","dateModified":"2024-04-28T15:11:04+00:00","breadcrumb":{"@id":"https:\/\/lovemarket.com.ar\/index.php\/ofertas-y-beneficios\/#breadcrumb"},"inLanguage":"es","potentialAction":[{"@type":"ReadAction","target":["https:\/\/lovemarket.com.ar\/index.php\/ofertas-y-beneficios\/"]}]},{"@type":"ImageObject","inLanguage":"es","@id":"https:\/\/lovemarket.com.ar\/index.php\/ofertas-y-beneficios\/#primaryimage","url":"https:\/\/lovemarket.com.ar\/wp-content\/uploads\/2016\/08\/Screenshot_20240315-2253102.png","contentUrl":"https:\/\/lovemarket.com.ar\/wp-content\/uploads\/2016\/08\/Screenshot_20240315-2253102.png","width":720,"height":1075},{"@type":"BreadcrumbList","@id":"https:\/\/lovemarket.com.ar\/index.php\/ofertas-y-beneficios\/#breadcrumb","itemListElement":[{"@type":"ListItem","position":1,"name":"Portada","item":"https:\/\/lovemarket.com.ar\/"},{"@type":"ListItem","position":2,"name":"Ofertas y Beneficios"}]},{"@type":"WebSite","@id":"https:\/\/lovemarket.com.ar\/#website","url":"https:\/\/lovemarket.com.ar\/","name":"Love Market","description":"","publisher":{"@id":"https:\/\/lovemarket.com.ar\/#organization"},"potentialAction":[{"@type":"SearchAction","target":{"@type":"EntryPoint","urlTemplate":"https:\/\/lovemarket.com.ar\/?s={search_term_string}"},"query-input":{"@type":"PropertyValueSpecification","valueRequired":true,"valueName":"search_term_string"}}],"inLanguage":"es"},{"@type":"Organization","@id":"https:\/\/lovemarket.com.ar\/#organization","name":"Love Market","url":"https:\/\/lovemarket.com.ar\/","logo":{"@type":"ImageObject","inLanguage":"es","@id":"https:\/\/lovemarket.com.ar\/#\/schema\/logo\/image\/","url":"https:\/\/lovemarket.com.ar\/wp-content\/uploads\/2024\/04\/cropped-Love-Market-Logo-3-1.png","contentUrl":"https:\/\/lovemarket.com.ar\/wp-content\/uploads\/2024\/04\/cropped-Love-Market-Logo-3-1.png","width":392,"height":263,"caption":"Love Market"},"image":{"@id":"https:\/\/lovemarket.com.ar\/#\/schema\/logo\/image\/"}}]}},"jetpack_sharing_enabled":true,"_links":{"self":[{"href":"https:\/\/lovemarket.com.ar\/index.php\/wp-json\/wp\/v2\/pages\/2435","targetHints":{"allow":["GET"]}}],"collection":[{"href":"https:\/\/lovemarket.com.ar\/index.php\/wp-json\/wp\/v2\/pages"}],"about":[{"href":"https:\/\/lovemarket.com.ar\/index.php\/wp-json\/wp\/v2\/types\/page"}],"author":[{"embeddable":true,"href":"https:\/\/lovemarket.com.ar\/index.php\/wp-json\/wp\/v2\/users\/1"}],"replies":[{"embeddable":true,"href":"https:\/\/lovemarket.com.ar\/index.php\/wp-json\/wp\/v2\/comments?post=2435"}],"version-history":[{"count":44,"href":"https:\/\/lovemarket.com.ar\/index.php\/wp-json\/wp\/v2\/pages\/2435\/revisions"}],"predecessor-version":[{"id":2540,"href":"https:\/\/lovemarket.com.ar\/index.php\/wp-json\/wp\/v2\/pages\/2435\/revisions\/2540"}],"wp:attachment":[{"href":"https:\/\/lovemarket.com.ar\/index.php\/wp-json\/wp\/v2\/media?parent=2435"}],"curies":[{"name":"wp","href":"https:\/\/api.w.org\/{rel}","templated":true}]}}