{"id":1648,"date":"2024-04-02T22:11:17","date_gmt":"2024-04-03T01:11:17","guid":{"rendered":"https:\/\/lovemarket.com.ar\/?page_id=1648"},"modified":"2024-04-02T22:12:01","modified_gmt":"2024-04-03T01:12:01","slug":"cupones-descuentos","status":"publish","type":"page","link":"https:\/\/lovemarket.com.ar\/index.php\/cupones-descuentos\/","title":{"rendered":"Cupones Descuentos"},"content":{"rendered":"\t\t<div data-elementor-type=\"wp-post\" data-elementor-id=\"1648\" class=\"elementor elementor-1648\" data-elementor-post-type=\"page\">\n\t\t\t\t<div class=\"elementor-element elementor-element-2c03c58 e-flex e-con-boxed e-con e-parent\" data-id=\"2c03c58\" data-element_type=\"container\">\n\t\t\t\t\t<div class=\"e-con-inner\">\n\t\t\t\t<div class=\"elementor-element elementor-element-e240709 elementor-widget elementor-widget-text-editor\" data-id=\"e240709\" data-element_type=\"widget\" data-widget_type=\"text-editor.default\">\n\t\t\t\t<div class=\"elementor-widget-container\">\n\t\t\t\t\t\t\t\t\t<p>Cuando un cliente recibe un cup\u00f3n de descuento, puede canjearlo en el momento de realizar una compra. Si el cup\u00f3n tiene un c\u00f3digo \u00fanico, el cliente puede ingresar este c\u00f3digo en l\u00ednea durante el proceso de pago o proporcionarlo en la caja registradora en una tienda f\u00edsica para recibir el descuento. Si es un cup\u00f3n f\u00edsico, el cliente puede presentarlo en la tienda al momento de pagar.<\/p><p>Es importante tener en cuenta que los cupones de descuento pueden estar sujetos a ciertas condiciones y restricciones, como fechas de vencimiento, montos m\u00ednimos de compra, productos espec\u00edficos, o limitaciones en la cantidad de veces que se puede utilizar un cup\u00f3n por cliente.<\/p>\t\t\t\t\t\t\t\t<\/div>\n\t\t\t\t<\/div>\n\t\t\t\t\t<\/div>\n\t\t\t\t<\/div>\n\t\t\t\t<\/div>\n\t\t","protected":false},"excerpt":{"rendered":"<p>Cuando un cliente recibe un cup\u00f3n de descuento, puede canjearlo en el momento de realizar una compra. Si el cup\u00f3n tiene un c\u00f3digo \u00fanico, el cliente puede ingresar este c\u00f3digo en l\u00ednea durante el proceso de pago o proporcionarlo en la caja registradora en una tienda f\u00edsica para recibir el descuento. Si es un cup\u00f3n [&hellip;]<\/p>\n","protected":false},"author":1,"featured_media":0,"parent":0,"menu_order":0,"comment_status":"closed","ping_status":"closed","template":"","meta":{"ocean_post_layout":"","ocean_both_sidebars_style":"","ocean_both_sidebars_content_width":0,"ocean_both_sidebars_sidebars_width":0,"ocean_sidebar":"","ocean_second_sidebar":"","ocean_disable_margins":"enable","ocean_add_body_class":"","ocean_shortcode_before_top_bar":"","ocean_shortcode_after_top_bar":"","ocean_shortcode_before_header":"","ocean_shortcode_after_header":"","ocean_has_shortcode":"","ocean_shortcode_after_title":"","ocean_shortcode_before_footer_widgets":"","ocean_shortcode_after_footer_widgets":"","ocean_shortcode_before_footer_bottom":"","ocean_shortcode_after_footer_bottom":"","ocean_display_top_bar":"default","ocean_display_header":"default","ocean_header_style":"","ocean_center_header_left_menu":"","ocean_custom_header_template":"","ocean_custom_logo":0,"ocean_custom_retina_logo":0,"ocean_custom_logo_max_width":0,"ocean_custom_logo_tablet_max_width":0,"ocean_custom_logo_mobile_max_width":0,"ocean_custom_logo_max_height":0,"ocean_custom_logo_tablet_max_height":0,"ocean_custom_logo_mobile_max_height":0,"ocean_header_custom_menu":"","ocean_menu_typo_font_family":"","ocean_menu_typo_font_subset":"","ocean_menu_typo_font_size":0,"ocean_menu_typo_font_size_tablet":0,"ocean_menu_typo_font_size_mobile":0,"ocean_menu_typo_font_size_unit":"px","ocean_menu_typo_font_weight":"","ocean_menu_typo_font_weight_tablet":"","ocean_menu_typo_font_weight_mobile":"","ocean_menu_typo_transform":"","ocean_menu_typo_transform_tablet":"","ocean_menu_typo_transform_mobile":"","ocean_menu_typo_line_height":0,"ocean_menu_typo_line_height_tablet":0,"ocean_menu_typo_line_height_mobile":0,"ocean_menu_typo_line_height_unit":"","ocean_menu_typo_spacing":0,"ocean_menu_typo_spacing_tablet":0,"ocean_menu_typo_spacing_mobile":0,"ocean_menu_typo_spacing_unit":"","ocean_menu_link_color":"","ocean_menu_link_color_hover":"","ocean_menu_link_color_active":"","ocean_menu_link_background":"","ocean_menu_link_hover_background":"","ocean_menu_link_active_background":"","ocean_menu_social_links_bg":"","ocean_menu_social_hover_links_bg":"","ocean_menu_social_links_color":"","ocean_menu_social_hover_links_color":"","ocean_disable_title":"default","ocean_disable_heading":"default","ocean_post_title":"","ocean_post_subheading":"","ocean_post_title_style":"","ocean_post_title_background_color":"","ocean_post_title_background":0,"ocean_post_title_bg_image_position":"","ocean_post_title_bg_image_attachment":"","ocean_post_title_bg_image_repeat":"","ocean_post_title_bg_image_size":"","ocean_post_title_height":0,"ocean_post_title_bg_overlay":0.5,"ocean_post_title_bg_overlay_color":"","ocean_disable_breadcrumbs":"default","ocean_breadcrumbs_color":"","ocean_breadcrumbs_separator_color":"","ocean_breadcrumbs_links_color":"","ocean_breadcrumbs_links_hover_color":"","ocean_display_footer_widgets":"default","ocean_display_footer_bottom":"default","ocean_custom_footer_template":"","footnotes":""},"class_list":["post-1648","page","type-page","status-publish","hentry","entry","owp-thumbs-layout-horizontal","owp-btn-normal","owp-tabs-layout-horizontal","has-no-thumbnails","has-product-nav"],"yoast_head":"<!-- This site is optimized with the Yoast SEO plugin v25.7 - https:\/\/yoast.com\/wordpress\/plugins\/seo\/ -->\n<title>Cupones Descuentos - Love Market<\/title>\n<meta name=\"robots\" content=\"index, follow, max-snippet:-1, max-image-preview:large, max-video-preview:-1\" \/>\n<link rel=\"canonical\" href=\"https:\/\/lovemarket.com.ar\/index.php\/cupones-descuentos\/\" \/>\n<meta property=\"og:locale\" content=\"es_ES\" \/>\n<meta property=\"og:type\" content=\"article\" \/>\n<meta property=\"og:title\" content=\"Cupones Descuentos - Love Market\" \/>\n<meta property=\"og:description\" content=\"Cuando un cliente recibe un cup\u00f3n de descuento, puede canjearlo en el momento de realizar una compra. Si el cup\u00f3n tiene un c\u00f3digo \u00fanico, el cliente puede ingresar este c\u00f3digo en l\u00ednea durante el proceso de pago o proporcionarlo en la caja registradora en una tienda f\u00edsica para recibir el descuento. Si es un cup\u00f3n [&hellip;]\" \/>\n<meta property=\"og:url\" content=\"https:\/\/lovemarket.com.ar\/index.php\/cupones-descuentos\/\" \/>\n<meta property=\"og:site_name\" content=\"Love Market\" \/>\n<meta property=\"article:modified_time\" content=\"2024-04-03T01:12:01+00:00\" \/>\n<meta name=\"twitter:card\" content=\"summary_large_image\" \/>\n<meta name=\"twitter:label1\" content=\"Tiempo de lectura\" \/>\n\t<meta name=\"twitter:data1\" content=\"1 minuto\" \/>\n<script type=\"application\/ld+json\" class=\"yoast-schema-graph\">{\"@context\":\"https:\/\/schema.org\",\"@graph\":[{\"@type\":\"WebPage\",\"@id\":\"https:\/\/lovemarket.com.ar\/index.php\/cupones-descuentos\/\",\"url\":\"https:\/\/lovemarket.com.ar\/index.php\/cupones-descuentos\/\",\"name\":\"Cupones Descuentos - Love Market\",\"isPartOf\":{\"@id\":\"https:\/\/lovemarket.com.ar\/#website\"},\"datePublished\":\"2024-04-03T01:11:17+00:00\",\"dateModified\":\"2024-04-03T01:12:01+00:00\",\"breadcrumb\":{\"@id\":\"https:\/\/lovemarket.com.ar\/index.php\/cupones-descuentos\/#breadcrumb\"},\"inLanguage\":\"es\",\"potentialAction\":[{\"@type\":\"ReadAction\",\"target\":[\"https:\/\/lovemarket.com.ar\/index.php\/cupones-descuentos\/\"]}]},{\"@type\":\"BreadcrumbList\",\"@id\":\"https:\/\/lovemarket.com.ar\/index.php\/cupones-descuentos\/#breadcrumb\",\"itemListElement\":[{\"@type\":\"ListItem\",\"position\":1,\"name\":\"Portada\",\"item\":\"https:\/\/lovemarket.com.ar\/\"},{\"@type\":\"ListItem\",\"position\":2,\"name\":\"Cupones Descuentos\"}]},{\"@type\":\"WebSite\",\"@id\":\"https:\/\/lovemarket.com.ar\/#website\",\"url\":\"https:\/\/lovemarket.com.ar\/\",\"name\":\"Love Market\",\"description\":\"\",\"publisher\":{\"@id\":\"https:\/\/lovemarket.com.ar\/#organization\"},\"potentialAction\":[{\"@type\":\"SearchAction\",\"target\":{\"@type\":\"EntryPoint\",\"urlTemplate\":\"https:\/\/lovemarket.com.ar\/?s={search_term_string}\"},\"query-input\":{\"@type\":\"PropertyValueSpecification\",\"valueRequired\":true,\"valueName\":\"search_term_string\"}}],\"inLanguage\":\"es\"},{\"@type\":\"Organization\",\"@id\":\"https:\/\/lovemarket.com.ar\/#organization\",\"name\":\"Love Market\",\"url\":\"https:\/\/lovemarket.com.ar\/\",\"logo\":{\"@type\":\"ImageObject\",\"inLanguage\":\"es\",\"@id\":\"https:\/\/lovemarket.com.ar\/#\/schema\/logo\/image\/\",\"url\":\"https:\/\/lovemarket.com.ar\/wp-content\/uploads\/2024\/04\/cropped-Love-Market-Logo-3-1.png\",\"contentUrl\":\"https:\/\/lovemarket.com.ar\/wp-content\/uploads\/2024\/04\/cropped-Love-Market-Logo-3-1.png\",\"width\":392,\"height\":263,\"caption\":\"Love Market\"},\"image\":{\"@id\":\"https:\/\/lovemarket.com.ar\/#\/schema\/logo\/image\/\"}}]}<\/script>\n<!-- \/ Yoast SEO plugin. -->","yoast_head_json":{"title":"Cupones Descuentos - Love Market","robots":{"index":"index","follow":"follow","max-snippet":"max-snippet:-1","max-image-preview":"max-image-preview:large","max-video-preview":"max-video-preview:-1"},"canonical":"https:\/\/lovemarket.com.ar\/index.php\/cupones-descuentos\/","og_locale":"es_ES","og_type":"article","og_title":"Cupones Descuentos - Love Market","og_description":"Cuando un cliente recibe un cup\u00f3n de descuento, puede canjearlo en el momento de realizar una compra. Si el cup\u00f3n tiene un c\u00f3digo \u00fanico, el cliente puede ingresar este c\u00f3digo en l\u00ednea durante el proceso de pago o proporcionarlo en la caja registradora en una tienda f\u00edsica para recibir el descuento. Si es un cup\u00f3n [&hellip;]","og_url":"https:\/\/lovemarket.com.ar\/index.php\/cupones-descuentos\/","og_site_name":"Love Market","article_modified_time":"2024-04-03T01:12:01+00:00","twitter_card":"summary_large_image","twitter_misc":{"Tiempo de lectura":"1 minuto"},"schema":{"@context":"https:\/\/schema.org","@graph":[{"@type":"WebPage","@id":"https:\/\/lovemarket.com.ar\/index.php\/cupones-descuentos\/","url":"https:\/\/lovemarket.com.ar\/index.php\/cupones-descuentos\/","name":"Cupones Descuentos - Love Market","isPartOf":{"@id":"https:\/\/lovemarket.com.ar\/#website"},"datePublished":"2024-04-03T01:11:17+00:00","dateModified":"2024-04-03T01:12:01+00:00","breadcrumb":{"@id":"https:\/\/lovemarket.com.ar\/index.php\/cupones-descuentos\/#breadcrumb"},"inLanguage":"es","potentialAction":[{"@type":"ReadAction","target":["https:\/\/lovemarket.com.ar\/index.php\/cupones-descuentos\/"]}]},{"@type":"BreadcrumbList","@id":"https:\/\/lovemarket.com.ar\/index.php\/cupones-descuentos\/#breadcrumb","itemListElement":[{"@type":"ListItem","position":1,"name":"Portada","item":"https:\/\/lovemarket.com.ar\/"},{"@type":"ListItem","position":2,"name":"Cupones Descuentos"}]},{"@type":"WebSite","@id":"https:\/\/lovemarket.com.ar\/#website","url":"https:\/\/lovemarket.com.ar\/","name":"Love Market","description":"","publisher":{"@id":"https:\/\/lovemarket.com.ar\/#organization"},"potentialAction":[{"@type":"SearchAction","target":{"@type":"EntryPoint","urlTemplate":"https:\/\/lovemarket.com.ar\/?s={search_term_string}"},"query-input":{"@type":"PropertyValueSpecification","valueRequired":true,"valueName":"search_term_string"}}],"inLanguage":"es"},{"@type":"Organization","@id":"https:\/\/lovemarket.com.ar\/#organization","name":"Love Market","url":"https:\/\/lovemarket.com.ar\/","logo":{"@type":"ImageObject","inLanguage":"es","@id":"https:\/\/lovemarket.com.ar\/#\/schema\/logo\/image\/","url":"https:\/\/lovemarket.com.ar\/wp-content\/uploads\/2024\/04\/cropped-Love-Market-Logo-3-1.png","contentUrl":"https:\/\/lovemarket.com.ar\/wp-content\/uploads\/2024\/04\/cropped-Love-Market-Logo-3-1.png","width":392,"height":263,"caption":"Love Market"},"image":{"@id":"https:\/\/lovemarket.com.ar\/#\/schema\/logo\/image\/"}}]}},"jetpack_sharing_enabled":true,"_links":{"self":[{"href":"https:\/\/lovemarket.com.ar\/index.php\/wp-json\/wp\/v2\/pages\/1648","targetHints":{"allow":["GET"]}}],"collection":[{"href":"https:\/\/lovemarket.com.ar\/index.php\/wp-json\/wp\/v2\/pages"}],"about":[{"href":"https:\/\/lovemarket.com.ar\/index.php\/wp-json\/wp\/v2\/types\/page"}],"author":[{"embeddable":true,"href":"https:\/\/lovemarket.com.ar\/index.php\/wp-json\/wp\/v2\/users\/1"}],"replies":[{"embeddable":true,"href":"https:\/\/lovemarket.com.ar\/index.php\/wp-json\/wp\/v2\/comments?post=1648"}],"version-history":[{"count":5,"href":"https:\/\/lovemarket.com.ar\/index.php\/wp-json\/wp\/v2\/pages\/1648\/revisions"}],"predecessor-version":[{"id":1653,"href":"https:\/\/lovemarket.com.ar\/index.php\/wp-json\/wp\/v2\/pages\/1648\/revisions\/1653"}],"wp:attachment":[{"href":"https:\/\/lovemarket.com.ar\/index.php\/wp-json\/wp\/v2\/media?parent=1648"}],"curies":[{"name":"wp","href":"https:\/\/api.w.org\/{rel}","templated":true}]}}